{"id":2,"date":"2023-05-23T15:59:02","date_gmt":"2023-05-23T15:59:02","guid":{"rendered":"https:\/\/2026.xelinideia.com\/?page_id=2"},"modified":"2025-09-08T17:04:54","modified_gmt":"2025-09-08T17:04:54","slug":"sample-page","status":"publish","type":"page","link":"https:\/\/2026.xelinideia.com\/","title":{"rendered":"Inicio"},"content":{"rendered":"<p>[et_pb_section fb_built=\u00bb1&#8243; _builder_version=\u00bb4.27.4&#8243; _module_preset=\u00bbdefault\u00bb global_colors_info=\u00bb{}\u00bb][et_pb_row column_structure=\u00bb1_2,1_2&#8243; _builder_version=\u00bb4.27.4&#8243; _module_preset=\u00bbdefault\u00bb global_colors_info=\u00bb{}\u00bb][et_pb_column type=\u00bb1_2&#8243; _builder_version=\u00bb4.25.1&#8243; _module_preset=\u00bbdefault\u00bb global_colors_info=\u00bb{}\u00bb][et_pb_text _builder_version=\u00bb4.27.4&#8243; _module_preset=\u00bb4a839d17-83c9-451a-9fee-853682044167&#8243; global_colors_info=\u00bb{}\u00bb]<\/p>\n<h1>T\u00edtulo H1<\/h1>\n<p>[\/et_pb_text][et_pb_text _builder_version=\u00bb4.27.4&#8243; _module_preset=\u00bb4a839d17-83c9-451a-9fee-853682044167&#8243; global_colors_info=\u00bb{}\u00bb]<\/p>\n<h2>T\u00edtulo H2<\/h2>\n<p>[\/et_pb_text][et_pb_text _builder_version=\u00bb4.27.4&#8243; _module_preset=\u00bbdefault\u00bb global_colors_info=\u00bb{}\u00bb]<\/p>\n<p>En START 2025 te invitamos a dar el primer paso hacia un futuro lleno de posibilidades donde tus sue\u00f1os se convierten en realidad, nuestro compromiso es ofrecerte soluciones innovadoras y personalizadas que se adaptan a tus necesidades, aqu\u00ed encontrar\u00e1s un equipo apasionado y profesional listo para acompa\u00f1arte en cada etapa de tu viaje, porque creemos que cada idea tiene el potencial de cambiar el mundo y estamos aqu\u00ed para hacerlo posible.<\/p>\n<p>[\/et_pb_text][et_pb_button button_url=\u00bb@ET-DC@eyJkeW5hbWljIjp0cnVlLCJjb250ZW50IjoicG9zdF9saW5rX3VybF9wYWdlIiwic2V0dGluZ3MiOnsicG9zdF9pZCI6IjUzIn19@\u00bb button_text=\u00bbBOTON\u00bb _builder_version=\u00bb4.27.4&#8243; _dynamic_attributes=\u00bbbutton_url\u00bb _module_preset=\u00bb137635ec-bfd0-4d9f-9598-d613cb79ece5&#8243; button_text_color=\u00bb#000000&#8243; button_bg_color=\u00bbRGBA(255,255,255,0)\u00bb button_border_width=\u00bb3px\u00bb button_border_color=\u00bb#52BCB7&#8243; global_colors_info=\u00bb{}\u00bb][\/et_pb_button][\/et_pb_column][et_pb_column type=\u00bb1_2&#8243; _builder_version=\u00bb4.25.1&#8243; _module_preset=\u00bbdefault\u00bb global_colors_info=\u00bb{}\u00bb][\/et_pb_column][\/et_pb_row][\/et_pb_section]<\/p>\n","protected":false},"excerpt":{"rendered":"<p>T\u00edtulo H1T\u00edtulo H2En START 2025 te invitamos a dar el primer paso hacia un futuro lleno de posibilidades donde tus sue\u00f1os se convierten en realidad, nuestro compromiso es ofrecerte soluciones innovadoras y personalizadas que se adaptan a tus necesidades, aqu\u00ed encontrar\u00e1s un equipo apasionado y profesional listo para acompa\u00f1arte en cada etapa de tu viaje, [&hellip;]<\/p>\n","protected":false},"author":2,"featured_media":0,"parent":0,"menu_order":0,"comment_status":"closed","ping_status":"open","template":"","meta":{"_et_pb_use_builder":"on","_et_pb_old_content":"<!-- wp:paragraph -->\r\n<p>This is an example page. It's different from a blog post because it will stay in one place and will show up in your site navigation (in most themes). Most people start with an About page that introduces them to potential site visitors. It might say something like this:<\/p>\r\n<!-- \/wp:paragraph -->\r\n\r\n<!-- wp:quote -->\r\n<blockquote class=\"wp-block-quote\"><!-- wp:paragraph -->\r\n<p>Hi there! I'm a bike messenger by day, aspiring actor by night, and this is my website. I live in Los Angeles, have a great dog named Jack, and I like pi\u00f1a coladas. (And gettin' caught in the rain.)<\/p>\r\n<!-- \/wp:paragraph --><\/blockquote>\r\n<!-- \/wp:quote -->\r\n\r\n<!-- wp:paragraph -->\r\n<p>...or something like this:<\/p>\r\n<!-- \/wp:paragraph -->\r\n\r\n<!-- wp:quote -->\r\n<blockquote class=\"wp-block-quote\"><!-- wp:paragraph -->\r\n<p>The XYZ Doohickey Company was founded in 1971, and has been providing quality doohickeys to the public ever since. Located in Gotham City, XYZ employs over 2,000 people and does all kinds of awesome things for the Gotham community.<\/p>\r\n<!-- \/wp:paragraph --><\/blockquote>\r\n<!-- \/wp:quote -->\r\n\r\n<!-- wp:paragraph -->\r\n<p>As a new WordPress user, you should go to <a href=\"https:\/\/2026.xelinideia.com\/wp-admin\/\">your dashboard<\/a> to delete this page and create new pages for your content. Have fun!<\/p>\r\n<!-- \/wp:paragraph -->","_et_gb_content_width":"","_joinchat":[],"footnotes":""},"class_list":["post-2","page","type-page","status-publish","hentry"],"yoast_head":"<!-- This site is optimized with the Yoast SEO plugin v25.8 - https:\/\/yoast.com\/wordpress\/plugins\/seo\/ -->\n<title>Inicio | START 2025<\/title>\n<meta name=\"robots\" content=\"index, follow, max-snippet:-1, max-image-preview:large, max-video-preview:-1\" \/>\n<link rel=\"canonical\" href=\"https:\/\/2026.xelinideia.com\/\" \/>\n<meta property=\"og:locale\" content=\"es_ES\" \/>\n<meta property=\"og:type\" content=\"article\" \/>\n<meta property=\"og:title\" content=\"Inicio | START 2025\" \/>\n<meta property=\"og:description\" content=\"T\u00edtulo H1T\u00edtulo H2En START 2025 te invitamos a dar el primer paso hacia un futuro lleno de posibilidades donde tus sue\u00f1os se convierten en realidad, nuestro compromiso es ofrecerte soluciones innovadoras y personalizadas que se adaptan a tus necesidades, aqu\u00ed encontrar\u00e1s un equipo apasionado y profesional listo para acompa\u00f1arte en cada etapa de tu viaje, [&hellip;]\" \/>\n<meta property=\"og:url\" content=\"https:\/\/2026.xelinideia.com\/\" \/>\n<meta property=\"og:site_name\" content=\"START 2025\" \/>\n<meta property=\"article:modified_time\" content=\"2025-09-08T17:04:54+00:00\" \/>\n<meta name=\"twitter:card\" content=\"summary_large_image\" \/>\n<script type=\"application\/ld+json\" class=\"yoast-schema-graph\">{\"@context\":\"https:\/\/schema.org\",\"@graph\":[{\"@type\":\"WebPage\",\"@id\":\"https:\/\/2026.xelinideia.com\/\",\"url\":\"https:\/\/2026.xelinideia.com\/\",\"name\":\"Inicio | START 2025\",\"isPartOf\":{\"@id\":\"https:\/\/2026.xelinideia.com\/#website\"},\"datePublished\":\"2023-05-23T15:59:02+00:00\",\"dateModified\":\"2025-09-08T17:04:54+00:00\",\"breadcrumb\":{\"@id\":\"https:\/\/2026.xelinideia.com\/#breadcrumb\"},\"inLanguage\":\"es\",\"potentialAction\":[{\"@type\":\"ReadAction\",\"target\":[\"https:\/\/2026.xelinideia.com\/\"]}]},{\"@type\":\"BreadcrumbList\",\"@id\":\"https:\/\/2026.xelinideia.com\/#breadcrumb\",\"itemListElement\":[{\"@type\":\"ListItem\",\"position\":1,\"name\":\"Inicio\",\"item\":\"https:\/\/2026.xelinideia.com\/\"},{\"@type\":\"ListItem\",\"position\":2,\"name\":\"Inicio\"}]},{\"@type\":\"WebSite\",\"@id\":\"https:\/\/2026.xelinideia.com\/#website\",\"url\":\"https:\/\/2026.xelinideia.com\/\",\"name\":\"Start 3\",\"description\":\"\",\"publisher\":{\"@id\":\"https:\/\/2026.xelinideia.com\/#organization\"},\"potentialAction\":[{\"@type\":\"SearchAction\",\"target\":{\"@type\":\"EntryPoint\",\"urlTemplate\":\"https:\/\/2026.xelinideia.com\/?s={search_term_string}\"},\"query-input\":{\"@type\":\"PropertyValueSpecification\",\"valueRequired\":true,\"valueName\":\"search_term_string\"}}],\"inLanguage\":\"es\"},{\"@type\":\"Organization\",\"@id\":\"https:\/\/2026.xelinideia.com\/#organization\",\"name\":\"Start 3\",\"url\":\"https:\/\/2026.xelinideia.com\/\",\"logo\":{\"@type\":\"ImageObject\",\"inLanguage\":\"es\",\"@id\":\"https:\/\/2026.xelinideia.com\/#\/schema\/logo\/image\/\",\"url\":\"\",\"contentUrl\":\"\",\"caption\":\"Start 3\"},\"image\":{\"@id\":\"https:\/\/2026.xelinideia.com\/#\/schema\/logo\/image\/\"}}]}<\/script>\n<!-- \/ Yoast SEO plugin. -->","yoast_head_json":{"title":"Inicio | START 2025","robots":{"index":"index","follow":"follow","max-snippet":"max-snippet:-1","max-image-preview":"max-image-preview:large","max-video-preview":"max-video-preview:-1"},"canonical":"https:\/\/2026.xelinideia.com\/","og_locale":"es_ES","og_type":"article","og_title":"Inicio | START 2025","og_description":"T\u00edtulo H1T\u00edtulo H2En START 2025 te invitamos a dar el primer paso hacia un futuro lleno de posibilidades donde tus sue\u00f1os se convierten en realidad, nuestro compromiso es ofrecerte soluciones innovadoras y personalizadas que se adaptan a tus necesidades, aqu\u00ed encontrar\u00e1s un equipo apasionado y profesional listo para acompa\u00f1arte en cada etapa de tu viaje, [&hellip;]","og_url":"https:\/\/2026.xelinideia.com\/","og_site_name":"START 2025","article_modified_time":"2025-09-08T17:04:54+00:00","twitter_card":"summary_large_image","schema":{"@context":"https:\/\/schema.org","@graph":[{"@type":"WebPage","@id":"https:\/\/2026.xelinideia.com\/","url":"https:\/\/2026.xelinideia.com\/","name":"Inicio | START 2025","isPartOf":{"@id":"https:\/\/2026.xelinideia.com\/#website"},"datePublished":"2023-05-23T15:59:02+00:00","dateModified":"2025-09-08T17:04:54+00:00","breadcrumb":{"@id":"https:\/\/2026.xelinideia.com\/#breadcrumb"},"inLanguage":"es","potentialAction":[{"@type":"ReadAction","target":["https:\/\/2026.xelinideia.com\/"]}]},{"@type":"BreadcrumbList","@id":"https:\/\/2026.xelinideia.com\/#breadcrumb","itemListElement":[{"@type":"ListItem","position":1,"name":"Inicio","item":"https:\/\/2026.xelinideia.com\/"},{"@type":"ListItem","position":2,"name":"Inicio"}]},{"@type":"WebSite","@id":"https:\/\/2026.xelinideia.com\/#website","url":"https:\/\/2026.xelinideia.com\/","name":"Start 3","description":"","publisher":{"@id":"https:\/\/2026.xelinideia.com\/#organization"},"potentialAction":[{"@type":"SearchAction","target":{"@type":"EntryPoint","urlTemplate":"https:\/\/2026.xelinideia.com\/?s={search_term_string}"},"query-input":{"@type":"PropertyValueSpecification","valueRequired":true,"valueName":"search_term_string"}}],"inLanguage":"es"},{"@type":"Organization","@id":"https:\/\/2026.xelinideia.com\/#organization","name":"Start 3","url":"https:\/\/2026.xelinideia.com\/","logo":{"@type":"ImageObject","inLanguage":"es","@id":"https:\/\/2026.xelinideia.com\/#\/schema\/logo\/image\/","url":"","contentUrl":"","caption":"Start 3"},"image":{"@id":"https:\/\/2026.xelinideia.com\/#\/schema\/logo\/image\/"}}]}},"_links":{"self":[{"href":"https:\/\/2026.xelinideia.com\/index.php?rest_route=\/wp\/v2\/pages\/2","targetHints":{"allow":["GET"]}}],"collection":[{"href":"https:\/\/2026.xelinideia.com\/index.php?rest_route=\/wp\/v2\/pages"}],"about":[{"href":"https:\/\/2026.xelinideia.com\/index.php?rest_route=\/wp\/v2\/types\/page"}],"author":[{"embeddable":true,"href":"https:\/\/2026.xelinideia.com\/index.php?rest_route=\/wp\/v2\/users\/2"}],"replies":[{"embeddable":true,"href":"https:\/\/2026.xelinideia.com\/index.php?rest_route=%2Fwp%2Fv2%2Fcomments&post=2"}],"version-history":[{"count":91,"href":"https:\/\/2026.xelinideia.com\/index.php?rest_route=\/wp\/v2\/pages\/2\/revisions"}],"predecessor-version":[{"id":1184,"href":"https:\/\/2026.xelinideia.com\/index.php?rest_route=\/wp\/v2\/pages\/2\/revisions\/1184"}],"wp:attachment":[{"href":"https:\/\/2026.xelinideia.com\/index.php?rest_route=%2Fwp%2Fv2%2Fmedia&parent=2"}],"curies":[{"name":"wp","href":"https:\/\/api.w.org\/{rel}","templated":true}]}}