{"id":91,"date":"2023-06-07T19:15:24","date_gmt":"2023-06-07T19:15:24","guid":{"rendered":"https:\/\/2026.xelinideia.com\/?page_id=91"},"modified":"2025-04-09T07:19:27","modified_gmt":"2025-04-09T07:19:27","slug":"declaracion-de-accesibilidad","status":"publish","type":"page","link":"https:\/\/2026.xelinideia.com\/?page_id=91","title":{"rendered":"Declaraci\u00f3n de Accesibilidad"},"content":{"rendered":"[et_pb_section fb_built=\u00bb1&#8243; admin_label=\u00bbsection\u00bb _builder_version=\u00bb4.16&#8243; global_colors_info=\u00bb{}\u00bb][et_pb_row admin_label=\u00bbrow\u00bb _builder_version=\u00bb4.16&#8243; background_size=\u00bbinitial\u00bb background_position=\u00bbtop_left\u00bb background_repeat=\u00bbrepeat\u00bb global_colors_info=\u00bb{}\u00bb][et_pb_column type=\u00bb4_4&#8243; _builder_version=\u00bb4.16&#8243; custom_padding=\u00bb|||\u00bb global_colors_info=\u00bb{}\u00bb custom_padding__hover=\u00bb|||\u00bb][et_pb_text admin_label=\u00bbText\u00bb _builder_version=\u00bb4.27.4&#8243; global_colors_info=\u00bb{}\u00bb sticky_enabled=\u00bb0&#8243;]<h1>Declaraci\u00f3n de Accesibilidad<\/h1>\n<p><!-- \/wp:post-content --><\/p>[\/et_pb_text][et_pb_text admin_label=\u00bbText\u00bb _builder_version=\u00bb4.27.4&#8243; global_colors_info=\u00bb{}\u00bb sticky_enabled=\u00bb0&#8243; module_class=\u00bbtexto-legal\u00bb header_2_font=\u00bb|||on|||||\u00bb header_2_font_size=\u00bb21px\u00bb header_3_font_size=\u00bb20px\u00bb header_4_font_size=\u00bb17px\u00bb header_5_font=\u00bb|||on|||||\u00bb header_5_font_size=\u00bb15px\u00bb header_6_font=\u00bb|||on|||||\u00bb custom_css_free_form=\u00bb.texto-legal h2{||  padding-top:35px||}||.texto-legal h3{||  padding-top:20px||}||.texto-legal h4{||  padding-top:15px||}\u00bb hover_enabled=\u00bb0&#8243;]<p><!-- wp:paragraph -->El organismo NOMBRE EMPRESA, con NIF: XXXXXXX se ha comprometido a hacer accesible el sitio web XXXXXX\u00a0de conformidad con el Real Decreto 1112\/2018, de 7 de septiembre, sobre accesibilidad de los sitios web y aplicaciones para dispositivos m\u00f3viles del sector p\u00fablico.<\/p>\n<p><!-- \/wp:paragraph --><\/p>\n<p><!-- wp:paragraph -->La presente declaraci\u00f3n de accesibilidad se aplica al sitio web XXXXXX\u00a0. Este sitio web es plenamente conforme con RD 1112\/2018.<br \/><!-- wp:paragraph -->La presente declaraci\u00f3n fue preparada el 2 de Enero de 2025. El m\u00e9todo empleado para preparar la declaraci\u00f3n ha sido una autoevaluaci\u00f3n llevada a cabo por el propio organismo.<\/p>\n<p><!-- \/wp:paragraph --><\/p>\n<p><!-- \/wp:paragraph --><\/p>\n<p><!-- wp:paragraph --><em>\u00daltima revisi\u00f3n de la declaraci\u00f3n: 2 de enero de 2025.<\/em><\/p>\n<p><!-- \/wp:paragraph --><\/p>[\/et_pb_text][\/et_pb_column][\/et_pb_row][\/et_pb_section]","protected":false},"excerpt":{"rendered":"<p>Declaraci\u00f3n de Accesibilidad El organismo NOMBRE EMPRESA, con NIF: XXXXXXX se ha comprometido a hacer accesible el sitio web XXXXXX\u00a0de conformidad con el Real Decreto 1112\/2018, de 7 de septiembre, sobre accesibilidad de los sitios web y aplicaciones para dispositivos m\u00f3viles del sector p\u00fablico. La presente declaraci\u00f3n de accesibilidad se aplica al sitio web XXXXXX\u00a0. [&hellip;]<\/p>\n","protected":false},"author":2,"featured_media":0,"parent":0,"menu_order":0,"comment_status":"closed","ping_status":"closed","template":"","meta":{"_et_pb_use_builder":"on","_et_pb_old_content":"<!-- wp:paragraph -->\n<p>El organismo PROYECTUR (Titular:\u00a0Rafael Gonzalez Echeand\u00eda, con NIF: 50210267W) se ha comprometido a hacer accesible www.proyectur.com de conformidad con el Real Decreto 1112\/2018, de 7 de septiembre, sobre accesibilidad de los sitios web y aplicaciones para dispositivos m\u00f3viles del sector p\u00fablico.<\/p>\n<!-- \/wp:paragraph -->\n\n<!-- wp:paragraph -->\n<p>La presente declaraci\u00f3n de accesibilidad se aplica al sitio web\u00a0www.proyectur.com. Este sitio web es plenamente conforme con RD 1112\/2018.<\/p>\n<!-- \/wp:paragraph -->\n\n<!-- wp:paragraph -->\n<p>La presente declaraci\u00f3n fue preparada el 10 de Junio de 2023. El m\u00e9todo empleado para preparar la declaraci\u00f3n ha sido una autoevaluaci\u00f3n llevada a cabo por el propio organismo.<\/p>\n<!-- \/wp:paragraph -->\n\n<!-- wp:paragraph -->\n<p>\u00daltima revisi\u00f3n de la declaraci\u00f3n: 10 de Junio de 2023.<\/p>\n<!-- \/wp:paragraph -->","_et_gb_content_width":"","_joinchat":[],"footnotes":""},"class_list":["post-91","page","type-page","status-publish","hentry"],"yoast_head":"<!-- This site is optimized with the Yoast SEO plugin v25.8 - https:\/\/yoast.com\/wordpress\/plugins\/seo\/ -->\n<title>Declaraci\u00f3n de Accesibilidad | START 2025<\/title>\n<meta name=\"robots\" content=\"index, follow, max-snippet:-1, max-image-preview:large, max-video-preview:-1\" \/>\n<link rel=\"canonical\" href=\"https:\/\/2026.xelinideia.com\/declaracion-de-accesibilidad\/\" \/>\n<meta property=\"og:locale\" content=\"es_ES\" \/>\n<meta property=\"og:type\" content=\"article\" \/>\n<meta property=\"og:title\" content=\"Declaraci\u00f3n de Accesibilidad | START 2025\" \/>\n<meta property=\"og:description\" content=\"Declaraci\u00f3n de Accesibilidad El organismo NOMBRE EMPRESA, con NIF: XXXXXXX se ha comprometido a hacer accesible el sitio web XXXXXX\u00a0de conformidad con el Real Decreto 1112\/2018, de 7 de septiembre, sobre accesibilidad de los sitios web y aplicaciones para dispositivos m\u00f3viles del sector p\u00fablico. La presente declaraci\u00f3n de accesibilidad se aplica al sitio web XXXXXX\u00a0. [&hellip;]\" \/>\n<meta property=\"og:url\" content=\"https:\/\/2026.xelinideia.com\/declaracion-de-accesibilidad\/\" \/>\n<meta property=\"og:site_name\" content=\"START 2025\" \/>\n<meta property=\"article:modified_time\" content=\"2025-04-09T07:19:27+00:00\" \/>\n<meta name=\"twitter:card\" content=\"summary_large_image\" \/>\n<script type=\"application\/ld+json\" class=\"yoast-schema-graph\">{\"@context\":\"https:\/\/schema.org\",\"@graph\":[{\"@type\":\"WebPage\",\"@id\":\"https:\/\/2026.xelinideia.com\/declaracion-de-accesibilidad\/\",\"url\":\"https:\/\/2026.xelinideia.com\/declaracion-de-accesibilidad\/\",\"name\":\"Declaraci\u00f3n de Accesibilidad | START 2025\",\"isPartOf\":{\"@id\":\"https:\/\/2026.xelinideia.com\/#website\"},\"datePublished\":\"2023-06-07T19:15:24+00:00\",\"dateModified\":\"2025-04-09T07:19:27+00:00\",\"breadcrumb\":{\"@id\":\"https:\/\/2026.xelinideia.com\/declaracion-de-accesibilidad\/#breadcrumb\"},\"inLanguage\":\"es\",\"potentialAction\":[{\"@type\":\"ReadAction\",\"target\":[\"https:\/\/2026.xelinideia.com\/declaracion-de-accesibilidad\/\"]}]},{\"@type\":\"BreadcrumbList\",\"@id\":\"https:\/\/2026.xelinideia.com\/declaracion-de-accesibilidad\/#breadcrumb\",\"itemListElement\":[{\"@type\":\"ListItem\",\"position\":1,\"name\":\"Inicio\",\"item\":\"https:\/\/2026.xelinideia.com\/\"},{\"@type\":\"ListItem\",\"position\":2,\"name\":\"Declaraci\u00f3n de Accesibilidad\"}]},{\"@type\":\"WebSite\",\"@id\":\"https:\/\/2026.xelinideia.com\/#website\",\"url\":\"https:\/\/2026.xelinideia.com\/\",\"name\":\"Start 3\",\"description\":\"\",\"publisher\":{\"@id\":\"https:\/\/2026.xelinideia.com\/#organization\"},\"potentialAction\":[{\"@type\":\"SearchAction\",\"target\":{\"@type\":\"EntryPoint\",\"urlTemplate\":\"https:\/\/2026.xelinideia.com\/?s={search_term_string}\"},\"query-input\":{\"@type\":\"PropertyValueSpecification\",\"valueRequired\":true,\"valueName\":\"search_term_string\"}}],\"inLanguage\":\"es\"},{\"@type\":\"Organization\",\"@id\":\"https:\/\/2026.xelinideia.com\/#organization\",\"name\":\"Start 3\",\"url\":\"https:\/\/2026.xelinideia.com\/\",\"logo\":{\"@type\":\"ImageObject\",\"inLanguage\":\"es\",\"@id\":\"https:\/\/2026.xelinideia.com\/#\/schema\/logo\/image\/\",\"url\":\"\",\"contentUrl\":\"\",\"caption\":\"Start 3\"},\"image\":{\"@id\":\"https:\/\/2026.xelinideia.com\/#\/schema\/logo\/image\/\"}}]}<\/script>\n<!-- \/ Yoast SEO plugin. -->","yoast_head_json":{"title":"Declaraci\u00f3n de Accesibilidad | START 2025","robots":{"index":"index","follow":"follow","max-snippet":"max-snippet:-1","max-image-preview":"max-image-preview:large","max-video-preview":"max-video-preview:-1"},"canonical":"https:\/\/2026.xelinideia.com\/declaracion-de-accesibilidad\/","og_locale":"es_ES","og_type":"article","og_title":"Declaraci\u00f3n de Accesibilidad | START 2025","og_description":"Declaraci\u00f3n de Accesibilidad El organismo NOMBRE EMPRESA, con NIF: XXXXXXX se ha comprometido a hacer accesible el sitio web XXXXXX\u00a0de conformidad con el Real Decreto 1112\/2018, de 7 de septiembre, sobre accesibilidad de los sitios web y aplicaciones para dispositivos m\u00f3viles del sector p\u00fablico. La presente declaraci\u00f3n de accesibilidad se aplica al sitio web XXXXXX\u00a0. [&hellip;]","og_url":"https:\/\/2026.xelinideia.com\/declaracion-de-accesibilidad\/","og_site_name":"START 2025","article_modified_time":"2025-04-09T07:19:27+00:00","twitter_card":"summary_large_image","schema":{"@context":"https:\/\/schema.org","@graph":[{"@type":"WebPage","@id":"https:\/\/2026.xelinideia.com\/declaracion-de-accesibilidad\/","url":"https:\/\/2026.xelinideia.com\/declaracion-de-accesibilidad\/","name":"Declaraci\u00f3n de Accesibilidad | START 2025","isPartOf":{"@id":"https:\/\/2026.xelinideia.com\/#website"},"datePublished":"2023-06-07T19:15:24+00:00","dateModified":"2025-04-09T07:19:27+00:00","breadcrumb":{"@id":"https:\/\/2026.xelinideia.com\/declaracion-de-accesibilidad\/#breadcrumb"},"inLanguage":"es","potentialAction":[{"@type":"ReadAction","target":["https:\/\/2026.xelinideia.com\/declaracion-de-accesibilidad\/"]}]},{"@type":"BreadcrumbList","@id":"https:\/\/2026.xelinideia.com\/declaracion-de-accesibilidad\/#breadcrumb","itemListElement":[{"@type":"ListItem","position":1,"name":"Inicio","item":"https:\/\/2026.xelinideia.com\/"},{"@type":"ListItem","position":2,"name":"Declaraci\u00f3n de Accesibilidad"}]},{"@type":"WebSite","@id":"https:\/\/2026.xelinideia.com\/#website","url":"https:\/\/2026.xelinideia.com\/","name":"Start 3","description":"","publisher":{"@id":"https:\/\/2026.xelinideia.com\/#organization"},"potentialAction":[{"@type":"SearchAction","target":{"@type":"EntryPoint","urlTemplate":"https:\/\/2026.xelinideia.com\/?s={search_term_string}"},"query-input":{"@type":"PropertyValueSpecification","valueRequired":true,"valueName":"search_term_string"}}],"inLanguage":"es"},{"@type":"Organization","@id":"https:\/\/2026.xelinideia.com\/#organization","name":"Start 3","url":"https:\/\/2026.xelinideia.com\/","logo":{"@type":"ImageObject","inLanguage":"es","@id":"https:\/\/2026.xelinideia.com\/#\/schema\/logo\/image\/","url":"","contentUrl":"","caption":"Start 3"},"image":{"@id":"https:\/\/2026.xelinideia.com\/#\/schema\/logo\/image\/"}}]}},"_links":{"self":[{"href":"https:\/\/2026.xelinideia.com\/index.php?rest_route=\/wp\/v2\/pages\/91","targetHints":{"allow":["GET"]}}],"collection":[{"href":"https:\/\/2026.xelinideia.com\/index.php?rest_route=\/wp\/v2\/pages"}],"about":[{"href":"https:\/\/2026.xelinideia.com\/index.php?rest_route=\/wp\/v2\/types\/page"}],"author":[{"embeddable":true,"href":"https:\/\/2026.xelinideia.com\/index.php?rest_route=\/wp\/v2\/users\/2"}],"replies":[{"embeddable":true,"href":"https:\/\/2026.xelinideia.com\/index.php?rest_route=%2Fwp%2Fv2%2Fcomments&post=91"}],"version-history":[{"count":9,"href":"https:\/\/2026.xelinideia.com\/index.php?rest_route=\/wp\/v2\/pages\/91\/revisions"}],"predecessor-version":[{"id":1161,"href":"https:\/\/2026.xelinideia.com\/index.php?rest_route=\/wp\/v2\/pages\/91\/revisions\/1161"}],"wp:attachment":[{"href":"https:\/\/2026.xelinideia.com\/index.php?rest_route=%2Fwp%2Fv2%2Fmedia&parent=91"}],"curies":[{"name":"wp","href":"https:\/\/api.w.org\/{rel}","templated":true}]}}