{"id":95,"date":"2023-06-07T19:15:24","date_gmt":"2023-06-07T19:15:24","guid":{"rendered":"https:\/\/2026.xelinideia.com\/?page_id=95"},"modified":"2025-04-09T07:23:41","modified_gmt":"2025-04-09T07:23:41","slug":"politica-de-privacidad","status":"publish","type":"page","link":"https:\/\/2026.xelinideia.com\/?page_id=95","title":{"rendered":"Pol\u00edtica de Privacidad"},"content":{"rendered":"<p>[et_pb_section fb_built=\u00bb1&#8243; _builder_version=\u00bb4.25.0&#8243; _module_preset=\u00bbdefault\u00bb global_colors_info=\u00bb{}\u00bb][et_pb_row _builder_version=\u00bb4.25.0&#8243; _module_preset=\u00bbdefault\u00bb global_colors_info=\u00bb{}\u00bb][et_pb_column type=\u00bb4_4&#8243; _builder_version=\u00bb4.25.0&#8243; _module_preset=\u00bbdefault\u00bb global_colors_info=\u00bb{}\u00bb][et_pb_text _builder_version=\u00bb4.27.4&#8243; _module_preset=\u00bbdefault\u00bb hover_enabled=\u00bb0&#8243; global_colors_info=\u00bb{}\u00bb sticky_enabled=\u00bb0&#8243;]<\/p>\n<h1>Pol\u00edtica de Privacidad<\/h1>\n<p>[\/et_pb_text][et_pb_text _builder_version=\u00bb4.27.4&#8243; _module_preset=\u00bbdefault\u00bb global_colors_info=\u00bb{}\u00bb sticky_enabled=\u00bb0&#8243; module_class=\u00bbtexto-legal\u00bb header_2_font=\u00bb|||on|||||\u00bb header_2_font_size=\u00bb21px\u00bb header_3_font_size=\u00bb20px\u00bb header_4_font_size=\u00bb17px\u00bb header_5_font=\u00bb|||on|||||\u00bb header_5_font_size=\u00bb15px\u00bb header_6_font=\u00bb|||on|||||\u00bb custom_css_free_form=\u00bb.texto-legal h2{||  padding-top:35px||}||.texto-legal h3{||  padding-top:20px||}||.texto-legal h4{||  padding-top:15px||}\u00bb hover_enabled=\u00bb0&#8243;]<\/p>\n<h2>I. POL\u00cdTICA DE PRIVACIDAD Y PROTECCI\u00d3N DE DATOS<\/h2>\n<p>Respetando lo establecido en la legislaci\u00f3n vigente, NOMBRE EMPRESA (en adelante, tambi\u00e9n Sitio Web) se compromete a adoptar las medidas t\u00e9cnicas y organizativas necesarias, seg\u00fan el nivel de seguridad adecuado al riesgo de los datos recogidos.<\/p>\n<h3>Leyes que incorpora esta pol\u00edtica de privacidad<\/h3>\n<p>Esta pol\u00edtica de privacidad est\u00e1 adaptada a la normativa espa\u00f1ola y europea vigente en materia de protecci\u00f3n de datos personales en internet. En concreto, la misma respeta las siguientes normas:<\/p>\n<p>El Reglamento (UE) 2016\/679 del Parlamento Europeo y del Consejo, de 27 de abril de 2016, relativo a la protecci\u00f3n de las personas f\u00edsicas en lo que respecta al tratamiento de datos personales y a la libre circulaci\u00f3n de estos datos (RGPD).<br \/>La Ley Org\u00e1nica 3\/2018, de 5 de diciembre, de Protecci\u00f3n de Datos Personales y garant\u00eda de los derechos digitales (LOPD-GDD).<br \/>El Real Decreto 1720\/2007, de 21 de diciembre, por el que se aprueba el Reglamento de desarrollo de la Ley Org\u00e1nica 15\/1999, de 13 de diciembre, de Protecci\u00f3n de Datos de Car\u00e1cter Personal (RDLOPD).<br \/>La Ley 34\/2002, de 11 de julio, de Servicios de la Sociedad de la Informaci\u00f3n y de Comercio Electr\u00f3nico (LSSI-CE).<br \/>Identidad del responsable del tratamiento de los datos personales<br \/>El responsable del tratamiento de los datos personales recogidos en NOMBRE EMPRESA es: NOMBRE EMPRESA, provista de NIF\/CIF: XXXXXX e inscrito en: con los siguientes datos registrales: , cuyo representante es: (en adelante, Responsable del tratamiento). Sus datos de contacto son los siguientes:<\/p>\n<p>Direcci\u00f3n: XXXXXX<\/p>\n<p>Tel\u00e9fono de contacto: XXXXX<\/p>\n<p>Email de contacto: XXXXXX<\/p>\n<p>&nbsp;<\/p>\n<h3>Registro de Datos de Car\u00e1cter Personal<\/h3>\n<p>En cumplimiento de lo establecido en el RGPD y la LOPD-GDD, le informamos que los datos personales recabados por INSTALACIONES L.F. TORRENS SL., mediante los formularios extendidos en sus p\u00e1ginas quedar\u00e1n incorporados y ser\u00e1n tratados en nuestro fichero con el fin de poder facilitar, agilizar y cumplir los compromisos establecidos entre INSTALACIONES L.F. TORRENS SL. y el Usuario o el mantenimiento de la relaci\u00f3n que se establezca en los formularios que este rellene, o para atender una solicitud o consulta del mismo. Asimismo, de conformidad con lo previsto en el RGPD y la LOPD-GDD, salvo que sea de aplicaci\u00f3n la excepci\u00f3n prevista en el art\u00edculo 30.5 del RGPD, se mantiene un registro de actividades de tratamiento que especifica, seg\u00fan sus finalidades, las actividades de tratamiento llevadas a cabo y las dem\u00e1s circunstancias establecidas en el RGPD.<\/p>\n<p>[\/et_pb_text][\/et_pb_column][\/et_pb_row][\/et_pb_section]<\/p>\n","protected":false},"excerpt":{"rendered":"<p>Pol\u00edtica de PrivacidadI. POL\u00cdTICA DE PRIVACIDAD Y PROTECCI\u00d3N DE DATOS Respetando lo establecido en la legislaci\u00f3n vigente, NOMBRE EMPRESA (en adelante, tambi\u00e9n Sitio Web) se compromete a adoptar las medidas t\u00e9cnicas y organizativas necesarias, seg\u00fan el nivel de seguridad adecuado al riesgo de los datos recogidos. Leyes que incorpora esta pol\u00edtica de privacidad Esta pol\u00edtica [&hellip;]<\/p>\n","protected":false},"author":2,"featured_media":0,"parent":0,"menu_order":0,"comment_status":"closed","ping_status":"closed","template":"","meta":{"_et_pb_use_builder":"on","_et_pb_old_content":"","_et_gb_content_width":"","_joinchat":[],"footnotes":""},"class_list":["post-95","page","type-page","status-publish","hentry"],"yoast_head":"<!-- This site is optimized with the Yoast SEO plugin v25.8 - https:\/\/yoast.com\/wordpress\/plugins\/seo\/ -->\n<title>Pol\u00edtica de Privacidad | START 2025<\/title>\n<meta name=\"robots\" content=\"index, follow, max-snippet:-1, max-image-preview:large, max-video-preview:-1\" \/>\n<link rel=\"canonical\" href=\"https:\/\/2026.xelinideia.com\/politica-de-privacidad\/\" \/>\n<meta property=\"og:locale\" content=\"es_ES\" \/>\n<meta property=\"og:type\" content=\"article\" \/>\n<meta property=\"og:title\" content=\"Pol\u00edtica de Privacidad | START 2025\" \/>\n<meta property=\"og:description\" content=\"Pol\u00edtica de PrivacidadI. POL\u00cdTICA DE PRIVACIDAD Y PROTECCI\u00d3N DE DATOS Respetando lo establecido en la legislaci\u00f3n vigente, NOMBRE EMPRESA (en adelante, tambi\u00e9n Sitio Web) se compromete a adoptar las medidas t\u00e9cnicas y organizativas necesarias, seg\u00fan el nivel de seguridad adecuado al riesgo de los datos recogidos. Leyes que incorpora esta pol\u00edtica de privacidad Esta pol\u00edtica [&hellip;]\" \/>\n<meta property=\"og:url\" content=\"https:\/\/2026.xelinideia.com\/politica-de-privacidad\/\" \/>\n<meta property=\"og:site_name\" content=\"START 2025\" \/>\n<meta property=\"article:modified_time\" content=\"2025-04-09T07:23:41+00:00\" \/>\n<meta name=\"twitter:card\" content=\"summary_large_image\" \/>\n<script type=\"application\/ld+json\" class=\"yoast-schema-graph\">{\"@context\":\"https:\/\/schema.org\",\"@graph\":[{\"@type\":\"WebPage\",\"@id\":\"https:\/\/2026.xelinideia.com\/politica-de-privacidad\/\",\"url\":\"https:\/\/2026.xelinideia.com\/politica-de-privacidad\/\",\"name\":\"Pol\u00edtica de Privacidad | START 2025\",\"isPartOf\":{\"@id\":\"https:\/\/2026.xelinideia.com\/#website\"},\"datePublished\":\"2023-06-07T19:15:24+00:00\",\"dateModified\":\"2025-04-09T07:23:41+00:00\",\"breadcrumb\":{\"@id\":\"https:\/\/2026.xelinideia.com\/politica-de-privacidad\/#breadcrumb\"},\"inLanguage\":\"es\",\"potentialAction\":[{\"@type\":\"ReadAction\",\"target\":[\"https:\/\/2026.xelinideia.com\/politica-de-privacidad\/\"]}]},{\"@type\":\"BreadcrumbList\",\"@id\":\"https:\/\/2026.xelinideia.com\/politica-de-privacidad\/#breadcrumb\",\"itemListElement\":[{\"@type\":\"ListItem\",\"position\":1,\"name\":\"Inicio\",\"item\":\"https:\/\/2026.xelinideia.com\/\"},{\"@type\":\"ListItem\",\"position\":2,\"name\":\"Pol\u00edtica de Privacidad\"}]},{\"@type\":\"WebSite\",\"@id\":\"https:\/\/2026.xelinideia.com\/#website\",\"url\":\"https:\/\/2026.xelinideia.com\/\",\"name\":\"Start 3\",\"description\":\"\",\"publisher\":{\"@id\":\"https:\/\/2026.xelinideia.com\/#organization\"},\"potentialAction\":[{\"@type\":\"SearchAction\",\"target\":{\"@type\":\"EntryPoint\",\"urlTemplate\":\"https:\/\/2026.xelinideia.com\/?s={search_term_string}\"},\"query-input\":{\"@type\":\"PropertyValueSpecification\",\"valueRequired\":true,\"valueName\":\"search_term_string\"}}],\"inLanguage\":\"es\"},{\"@type\":\"Organization\",\"@id\":\"https:\/\/2026.xelinideia.com\/#organization\",\"name\":\"Start 3\",\"url\":\"https:\/\/2026.xelinideia.com\/\",\"logo\":{\"@type\":\"ImageObject\",\"inLanguage\":\"es\",\"@id\":\"https:\/\/2026.xelinideia.com\/#\/schema\/logo\/image\/\",\"url\":\"\",\"contentUrl\":\"\",\"caption\":\"Start 3\"},\"image\":{\"@id\":\"https:\/\/2026.xelinideia.com\/#\/schema\/logo\/image\/\"}}]}<\/script>\n<!-- \/ Yoast SEO plugin. -->","yoast_head_json":{"title":"Pol\u00edtica de Privacidad | START 2025","robots":{"index":"index","follow":"follow","max-snippet":"max-snippet:-1","max-image-preview":"max-image-preview:large","max-video-preview":"max-video-preview:-1"},"canonical":"https:\/\/2026.xelinideia.com\/politica-de-privacidad\/","og_locale":"es_ES","og_type":"article","og_title":"Pol\u00edtica de Privacidad | START 2025","og_description":"Pol\u00edtica de PrivacidadI. POL\u00cdTICA DE PRIVACIDAD Y PROTECCI\u00d3N DE DATOS Respetando lo establecido en la legislaci\u00f3n vigente, NOMBRE EMPRESA (en adelante, tambi\u00e9n Sitio Web) se compromete a adoptar las medidas t\u00e9cnicas y organizativas necesarias, seg\u00fan el nivel de seguridad adecuado al riesgo de los datos recogidos. Leyes que incorpora esta pol\u00edtica de privacidad Esta pol\u00edtica [&hellip;]","og_url":"https:\/\/2026.xelinideia.com\/politica-de-privacidad\/","og_site_name":"START 2025","article_modified_time":"2025-04-09T07:23:41+00:00","twitter_card":"summary_large_image","schema":{"@context":"https:\/\/schema.org","@graph":[{"@type":"WebPage","@id":"https:\/\/2026.xelinideia.com\/politica-de-privacidad\/","url":"https:\/\/2026.xelinideia.com\/politica-de-privacidad\/","name":"Pol\u00edtica de Privacidad | START 2025","isPartOf":{"@id":"https:\/\/2026.xelinideia.com\/#website"},"datePublished":"2023-06-07T19:15:24+00:00","dateModified":"2025-04-09T07:23:41+00:00","breadcrumb":{"@id":"https:\/\/2026.xelinideia.com\/politica-de-privacidad\/#breadcrumb"},"inLanguage":"es","potentialAction":[{"@type":"ReadAction","target":["https:\/\/2026.xelinideia.com\/politica-de-privacidad\/"]}]},{"@type":"BreadcrumbList","@id":"https:\/\/2026.xelinideia.com\/politica-de-privacidad\/#breadcrumb","itemListElement":[{"@type":"ListItem","position":1,"name":"Inicio","item":"https:\/\/2026.xelinideia.com\/"},{"@type":"ListItem","position":2,"name":"Pol\u00edtica de Privacidad"}]},{"@type":"WebSite","@id":"https:\/\/2026.xelinideia.com\/#website","url":"https:\/\/2026.xelinideia.com\/","name":"Start 3","description":"","publisher":{"@id":"https:\/\/2026.xelinideia.com\/#organization"},"potentialAction":[{"@type":"SearchAction","target":{"@type":"EntryPoint","urlTemplate":"https:\/\/2026.xelinideia.com\/?s={search_term_string}"},"query-input":{"@type":"PropertyValueSpecification","valueRequired":true,"valueName":"search_term_string"}}],"inLanguage":"es"},{"@type":"Organization","@id":"https:\/\/2026.xelinideia.com\/#organization","name":"Start 3","url":"https:\/\/2026.xelinideia.com\/","logo":{"@type":"ImageObject","inLanguage":"es","@id":"https:\/\/2026.xelinideia.com\/#\/schema\/logo\/image\/","url":"","contentUrl":"","caption":"Start 3"},"image":{"@id":"https:\/\/2026.xelinideia.com\/#\/schema\/logo\/image\/"}}]}},"_links":{"self":[{"href":"https:\/\/2026.xelinideia.com\/index.php?rest_route=\/wp\/v2\/pages\/95","targetHints":{"allow":["GET"]}}],"collection":[{"href":"https:\/\/2026.xelinideia.com\/index.php?rest_route=\/wp\/v2\/pages"}],"about":[{"href":"https:\/\/2026.xelinideia.com\/index.php?rest_route=\/wp\/v2\/types\/page"}],"author":[{"embeddable":true,"href":"https:\/\/2026.xelinideia.com\/index.php?rest_route=\/wp\/v2\/users\/2"}],"replies":[{"embeddable":true,"href":"https:\/\/2026.xelinideia.com\/index.php?rest_route=%2Fwp%2Fv2%2Fcomments&post=95"}],"version-history":[{"count":8,"href":"https:\/\/2026.xelinideia.com\/index.php?rest_route=\/wp\/v2\/pages\/95\/revisions"}],"predecessor-version":[{"id":1164,"href":"https:\/\/2026.xelinideia.com\/index.php?rest_route=\/wp\/v2\/pages\/95\/revisions\/1164"}],"wp:attachment":[{"href":"https:\/\/2026.xelinideia.com\/index.php?rest_route=%2Fwp%2Fv2%2Fmedia&parent=95"}],"curies":[{"name":"wp","href":"https:\/\/api.w.org\/{rel}","templated":true}]}}